{"id":34,"date":"2024-02-15T18:50:36","date_gmt":"2024-02-15T18:50:36","guid":{"rendered":"https:\/\/cirujanotoracico.com.mx\/?page_id=34"},"modified":"2024-03-12T19:23:27","modified_gmt":"2024-03-12T19:23:27","slug":"preguntas-frecuentes-faq","status":"publish","type":"page","link":"https:\/\/cirujanotoracico.com.mx\/?page_id=34","title":{"rendered":"Preguntas Frecuentes (FAQ)"},"content":{"rendered":"\n<p><strong>1. \u00bfQu\u00e9 es la Cirug\u00eda Tor\u00e1cica?<\/strong><\/p>\n\n\n\n<p>Es una subespecialidad de la Cirug\u00eda General que se encarga del\u00a0estudio y tratamiento quir\u00fargico de las enfermedades que comprometen el pulm\u00f3n, la pleura, la tr\u00e1quea, el mediastino, el diafragma, la estructura \u00f3sea y los tejidos blandos de la pared tor\u00e1cica. Adem\u00e1s de algunas patolog\u00edas del es\u00f3fago en casos cl\u00ednicos seleccionados.<\/p>\n\n\n\n<p class=\"has-white-background-color has-background\"><\/p>\n\n\n\n<p><strong>2. \u00bfLa Cirug\u00eda Tor\u00e1cica y la Cirug\u00eda Cardiovascular son la misma especialidad?<\/strong><\/p>\n\n\n\n<p>No. Aunque se agrupan las 2 en la llamada Cirug\u00eda Cardiotor\u00e1cica, existe una clara divisi\u00f3n en cuanto a en qu\u00e9 se enfoca cada una. La Cirug\u00eda Cardiovascular se encarga del tratamiento quir\u00fargico de las patolog\u00edas exclusivamente de coraz\u00f3n y grandes vasos; en cambio la Cirug\u00eda Tor\u00e1cica No Cardiaca, se encarga del diagn\u00f3stico y tratamiento quir\u00fargico del resto de \u00f3rganos y estructuras del t\u00f3rax.<\/p>\n\n\n\n<p class=\"has-white-background-color has-background\"><\/p>\n\n\n\n<p><strong>3. \u00bfQu\u00e9 enfermedades trata la Cirug\u00eda Tor\u00e1cica?<\/strong><\/p>\n\n\n\n<p>Son muchas las enfermedades que trata la Cirug\u00eda Tor\u00e1cica, pero las principales son: C\u00e1ncer de Pulm\u00f3n, Hiperhidrosis palmar\/axilar (Sudoraci\u00f3n excesiva de manos o axilas), Deformidades del t\u00f3rax (Pectus excavatum o carinatum), Infecciones (Pulm\u00f3n atrapado) y Traumatismo tor\u00e1cico (Fracturas de costilla y\/o estern\u00f3n).<\/p>\n\n\n\n<p class=\"has-white-background-color has-background\"><\/p>\n\n\n\n<p><strong>4. \u00bfQu\u00e9 es la Certificaci\u00f3n M\u00e9dica?<\/strong><\/p>\n\n\n\n<p>La certificaci\u00f3n es un proceso que promueve, sostiene y documenta el logro de altos est\u00e1ndares para m\u00e9dicos especialistas. Representa el consenso de la comunidad profesional sobre lo que debe saber un profesional experto. Avala que el profesionista responsable de la atenci\u00f3n cuente con las competencias necesarias, certificadas por una instituci\u00f3n de educaci\u00f3n superior y peri\u00f3dicamente por el consejo de m\u00e9dicos pares del \u00e1rea disciplinar.<\/p>\n\n\n\n<p class=\"has-white-background-color has-background\"><\/p>\n\n\n\n<p><strong>5. \u00bfLa Certificaci\u00f3n M\u00e9dica se realiza solamente una vez?<\/strong><\/p>\n\n\n\n<p>No. La Certificaci\u00f3n tiene una vigencia de 5 a\u00f1os, una vez que se cumple este tiempo, el Especialista se debe Recertificar. <\/p>\n\n\n\n<p class=\"has-white-background-color has-background\"><\/p>\n\n\n\n<p><strong>6. \u00bf Porqu\u00e9 deben de Recertificarse los M\u00e9dicos Especialistas?<\/strong><\/p>\n\n\n\n<p>El prop\u00f3sito de la Recertificaci\u00f3n es contribuir a mejorar el sistema de atenci\u00f3n en salud, estimulando la educaci\u00f3n y la actualizaci\u00f3n permanente. Es una forma de reafirmar el compromiso con la atenci\u00f3n al paciente y de asegurarles a los propios m\u00e9dicos que, en una escala objetiva de conocimiento, contin\u00faan ejerciendo bien. Pero sobre todo, para los pacientes la Certificaci\u00f3n o Recertificaci\u00f3n debe ser un criterio que brinde mayor seguridad al momento de elegir a su m\u00e9dico tratante.<\/p>\n","protected":false},"excerpt":{"rendered":"<p>1. \u00bfQu\u00e9 es la Cirug\u00eda Tor\u00e1cica? Es una subespecialidad de la Cirug\u00eda General que se encarga del\u00a0estudio y tratamiento quir\u00fargico de las enfermedades que comprometen el pulm\u00f3n, la pleura, la tr\u00e1quea, el mediastino, el diafragma, la estructura \u00f3sea y los tejidos blandos de la pared tor\u00e1cica. Adem\u00e1s de algunas patolog\u00edas del es\u00f3fago en casos cl\u00ednicos &hellip; <\/p>\n","protected":false},"author":1,"featured_media":0,"parent":0,"menu_order":0,"comment_status":"closed","ping_status":"closed","template":"","meta":{"footnotes":""},"aioseo_notices":[],"_links":{"self":[{"href":"https:\/\/cirujanotoracico.com.mx\/index.php?rest_route=\/wp\/v2\/pages\/34"}],"collection":[{"href":"https:\/\/cirujanotoracico.com.mx\/index.php?rest_route=\/wp\/v2\/pages"}],"about":[{"href":"https:\/\/cirujanotoracico.com.mx\/index.php?rest_route=\/wp\/v2\/types\/page"}],"author":[{"embeddable":true,"href":"https:\/\/cirujanotoracico.com.mx\/index.php?rest_route=\/wp\/v2\/users\/1"}],"replies":[{"embeddable":true,"href":"https:\/\/cirujanotoracico.com.mx\/index.php?rest_route=%2Fwp%2Fv2%2Fcomments&post=34"}],"version-history":[{"count":7,"href":"https:\/\/cirujanotoracico.com.mx\/index.php?rest_route=\/wp\/v2\/pages\/34\/revisions"}],"predecessor-version":[{"id":295,"href":"https:\/\/cirujanotoracico.com.mx\/index.php?rest_route=\/wp\/v2\/pages\/34\/revisions\/295"}],"wp:attachment":[{"href":"https:\/\/cirujanotoracico.com.mx\/index.php?rest_route=%2Fwp%2Fv2%2Fmedia&parent=34"}],"curies":[{"name":"wp","href":"https:\/\/api.w.org\/{rel}","templated":true}]}}