{"id":22,"date":"2024-02-15T18:47:05","date_gmt":"2024-02-15T18:47:05","guid":{"rendered":"https:\/\/cirujanotoracico.com.mx\/?page_id=22"},"modified":"2024-03-14T18:10:20","modified_gmt":"2024-03-14T18:10:20","slug":"tecnologia-y-equipamiento","status":"publish","type":"page","link":"https:\/\/cirujanotoracico.com.mx\/?page_id=22","title":{"rendered":"Acerca de M\u00ed"},"content":{"rendered":"<div class=\"wp-block-image\">\n<figure class=\"aligncenter size-large\"><img loading=\"lazy\" decoding=\"async\" width=\"1024\" height=\"577\" src=\"https:\/\/cirujanotoracico.com.mx\/wp-content\/uploads\/2024\/02\/Portada-Nuevo-Logo2-1024x577.png\" alt=\"\" class=\"wp-image-179\" srcset=\"https:\/\/cirujanotoracico.com.mx\/wp-content\/uploads\/2024\/02\/Portada-Nuevo-Logo2-1024x577.png 1024w, https:\/\/cirujanotoracico.com.mx\/wp-content\/uploads\/2024\/02\/Portada-Nuevo-Logo2-300x169.png 300w, https:\/\/cirujanotoracico.com.mx\/wp-content\/uploads\/2024\/02\/Portada-Nuevo-Logo2-768x433.png 768w, https:\/\/cirujanotoracico.com.mx\/wp-content\/uploads\/2024\/02\/Portada-Nuevo-Logo2-1536x865.png 1536w, https:\/\/cirujanotoracico.com.mx\/wp-content\/uploads\/2024\/02\/Portada-Nuevo-Logo2-106x60.png 106w, https:\/\/cirujanotoracico.com.mx\/wp-content\/uploads\/2024\/02\/Portada-Nuevo-Logo2.png 1640w\" sizes=\"(max-width: 1024px) 100vw, 1024px\" \/><\/figure><\/div>\n\n\n<p class=\"has-white-background-color has-background\"><\/p>\n\n\n\n<ul>\n<li><strong>M\u00e9dico General por la Universidad de Guadalajara. DGP 4407207<\/strong><\/li>\n\n\n\n<li><strong>Cirujano General por la Universidad de Colima. C\u00e9dula Especialidad 7146308<\/strong><\/li>\n\n\n\n<li><strong>Cirujano Tor\u00e1cico por la Universidad de Guadalajara. C\u00e9dula Subespecialidad 9739403<\/strong><\/li>\n\n\n\n<li><strong>Certificaci\u00f3n en Cirug\u00eda Tor\u00e1cica No Card\u00edaca por el Consejo Nacional de Cirug\u00eda del T\u00f3rax No. 393<\/strong><\/li>\n\n\n\n<li><strong>Recertificaci\u00f3n en Cirug\u00eda Tor\u00e1cica No Card\u00edaca. Vigencia 2020-2025<\/strong><\/li>\n\n\n\n<li><strong>Maestr\u00eda en Administraci\u00f3n de Instituciones de Salud.<\/strong><\/li>\n\n\n\n<li><strong>Socio Activo de la Sociedad Mexicana de Cirujanos Tor\u00e1cicos Generales SC (SMCTG).<\/strong><\/li>\n\n\n\n<li><strong>Miembro de la Mesa Directiva de la Sociedad Mexicana de Cirujanos Tor\u00e1cicos Generales SC (SMCTG)<\/strong><\/li>\n\n\n\n<li><strong>Miembro del Comit\u00e9 Editorial de la Revista de la Sociedad Mexicana de Cirujanos Tor\u00e1cicos Generales SC (SMCTG).<\/strong><\/li>\n\n\n\n<li><strong>Socio de la Asociaci\u00f3n Latinoamericana del T\u00f3rax (ALAT).<\/strong><\/li>\n\n\n\n<li><strong>Socio Internacional de The Society ot Thoracic Surgeons (STS).<\/strong><\/li>\n\n\n\n<li><strong>Ex-Presidente del Colegio de Cirug\u00eda del Estado de Colima AC.<\/strong><\/li>\n\n\n\n<li><strong>Profesor de Congresos Nacionales e Internacionales.<\/strong><\/li>\n<\/ul>\n","protected":false},"excerpt":{"rendered":"","protected":false},"author":1,"featured_media":0,"parent":0,"menu_order":0,"comment_status":"closed","ping_status":"closed","template":"","meta":{"footnotes":""},"aioseo_notices":[],"_links":{"self":[{"href":"https:\/\/cirujanotoracico.com.mx\/index.php?rest_route=\/wp\/v2\/pages\/22"}],"collection":[{"href":"https:\/\/cirujanotoracico.com.mx\/index.php?rest_route=\/wp\/v2\/pages"}],"about":[{"href":"https:\/\/cirujanotoracico.com.mx\/index.php?rest_route=\/wp\/v2\/types\/page"}],"author":[{"embeddable":true,"href":"https:\/\/cirujanotoracico.com.mx\/index.php?rest_route=\/wp\/v2\/users\/1"}],"replies":[{"embeddable":true,"href":"https:\/\/cirujanotoracico.com.mx\/index.php?rest_route=%2Fwp%2Fv2%2Fcomments&post=22"}],"version-history":[{"count":6,"href":"https:\/\/cirujanotoracico.com.mx\/index.php?rest_route=\/wp\/v2\/pages\/22\/revisions"}],"predecessor-version":[{"id":312,"href":"https:\/\/cirujanotoracico.com.mx\/index.php?rest_route=\/wp\/v2\/pages\/22\/revisions\/312"}],"wp:attachment":[{"href":"https:\/\/cirujanotoracico.com.mx\/index.php?rest_route=%2Fwp%2Fv2%2Fmedia&parent=22"}],"curies":[{"name":"wp","href":"https:\/\/api.w.org\/{rel}","templated":true}]}}