{"id":20,"date":"2024-02-15T18:46:14","date_gmt":"2024-02-15T18:46:14","guid":{"rendered":"https:\/\/cirujanotoracico.com.mx\/?page_id=20"},"modified":"2026-03-12T02:01:58","modified_gmt":"2026-03-12T02:01:58","slug":"servicios","status":"publish","type":"page","link":"https:\/\/cirujanotoracico.com.mx\/?page_id=20","title":{"rendered":"Servicios"},"content":{"rendered":"\n<div class=\"wp-block-group is-layout-constrained wp-block-group-is-layout-constrained\"><div class=\"wp-block-group__inner-container\">\n<div class=\"wp-block-cover aligncenter has-custom-content-position is-position-bottom-left\" style=\"min-height:311px\"><span aria-hidden=\"true\" class=\"wp-block-cover__background has-background-dim\"><\/span><img loading=\"lazy\" decoding=\"async\" width=\"800\" height=\"333\" class=\"wp-block-cover__image-background wp-image-96\" alt=\"\" src=\"https:\/\/cirujanotoracico.com.mx\/wp-content\/uploads\/2024\/02\/Cnsulta.jpg\" style=\"object-position:52% 33%\" data-object-fit=\"cover\" data-object-position=\"52% 33%\" srcset=\"https:\/\/cirujanotoracico.com.mx\/wp-content\/uploads\/2024\/02\/Cnsulta.jpg 800w, https:\/\/cirujanotoracico.com.mx\/wp-content\/uploads\/2024\/02\/Cnsulta-300x125.jpg 300w, https:\/\/cirujanotoracico.com.mx\/wp-content\/uploads\/2024\/02\/Cnsulta-768x320.jpg 768w, https:\/\/cirujanotoracico.com.mx\/wp-content\/uploads\/2024\/02\/Cnsulta-144x60.jpg 144w\" sizes=\"(max-width: 800px) 100vw, 800px\" \/><div class=\"wp-block-cover__inner-container is-layout-flow wp-block-cover-is-layout-flow\">\n<p class=\"has-text-align-center has-white-color has-text-color has-link-color has-large-font-size wp-elements-0bd7127b206c7eb6d416505e2f786ad7\"><a href=\"https:\/\/cirujanotoracico.com.mx\/?page_id=32\" title=\"\">Consulta M\u00e9dica<\/a><\/p>\n<\/div><\/div>\n<\/div><\/div>\n\n\n\n<p class=\"has-white-background-color has-background\" style=\"font-size:10px\"><\/p>\n\n\n\n<p><\/p>\n\n\n\n<div class=\"wp-block-cover is-light has-custom-content-position is-position-bottom-left\" style=\"min-height:311px\"><span aria-hidden=\"true\" class=\"wp-block-cover__background has-background-dim\"><\/span><img loading=\"lazy\" decoding=\"async\" width=\"480\" height=\"252\" class=\"wp-block-cover__image-background wp-image-215\" alt=\"\" src=\"https:\/\/cirujanotoracico.com.mx\/wp-content\/uploads\/2024\/02\/Consulta-online.webp\" style=\"object-position:49% 67%\" data-object-fit=\"cover\" data-object-position=\"49% 67%\" srcset=\"https:\/\/cirujanotoracico.com.mx\/wp-content\/uploads\/2024\/02\/Consulta-online.webp 480w, https:\/\/cirujanotoracico.com.mx\/wp-content\/uploads\/2024\/02\/Consulta-online-300x158.webp 300w, https:\/\/cirujanotoracico.com.mx\/wp-content\/uploads\/2024\/02\/Consulta-online-114x60.webp 114w\" sizes=\"(max-width: 480px) 100vw, 480px\" \/><div class=\"wp-block-cover__inner-container is-layout-flow wp-block-cover-is-layout-flow\">\n<p class=\"has-text-align-center has-white-color has-text-color has-link-color has-large-font-size wp-elements-cf89c8b8796d00791df946d5615b0f7f\"><a href=\"https:\/\/cirujanotoracico.com.mx\/?page_id=32\" title=\"\">Consulta M\u00e9dica Online<\/a><\/p>\n<\/div><\/div>\n\n\n\n<p class=\"has-white-background-color has-background\" style=\"font-size:10px\"><\/p>\n\n\n\n<p><\/p>\n\n\n\n<div class=\"wp-block-cover aligncenter has-custom-content-position is-position-bottom-left\" style=\"min-height:304px\"><span aria-hidden=\"true\" class=\"wp-block-cover__background has-background-dim\"><\/span><img loading=\"lazy\" decoding=\"async\" width=\"976\" height=\"549\" class=\"wp-block-cover__image-background wp-image-98\" alt=\"\" src=\"https:\/\/cirujanotoracico.com.mx\/wp-content\/uploads\/2024\/02\/Vats-edited.jpg\" style=\"object-position:50% 58%\" data-object-fit=\"cover\" data-object-position=\"50% 58%\" srcset=\"https:\/\/cirujanotoracico.com.mx\/wp-content\/uploads\/2024\/02\/Vats-edited.jpg 976w, https:\/\/cirujanotoracico.com.mx\/wp-content\/uploads\/2024\/02\/Vats-edited-300x169.jpg 300w, https:\/\/cirujanotoracico.com.mx\/wp-content\/uploads\/2024\/02\/Vats-edited-768x432.jpg 768w, https:\/\/cirujanotoracico.com.mx\/wp-content\/uploads\/2024\/02\/Vats-edited-107x60.jpg 107w\" sizes=\"(max-width: 976px) 100vw, 976px\" \/><div class=\"wp-block-cover__inner-container is-layout-flow wp-block-cover-is-layout-flow\">\n<p class=\"has-text-align-center has-large-font-size\">Cirug\u00eda de M\u00ednima Invasi\u00f3n<\/p>\n<\/div><\/div>\n\n\n\n<p class=\"has-white-background-color has-background\" style=\"font-size:10px\"><\/p>\n\n\n\n<p><\/p>\n\n\n\n<div class=\"wp-block-cover has-custom-content-position is-position-bottom-left\" style=\"min-height:295px\"><span aria-hidden=\"true\" class=\"wp-block-cover__background has-background-dim\"><\/span><img loading=\"lazy\" decoding=\"async\" width=\"2560\" height=\"1707\" class=\"wp-block-cover__image-background wp-image-314\" alt=\"\" src=\"http:\/\/cirujanotoracico.com.mx\/wp-content\/uploads\/2026\/03\/pexels-rdne-6129204-scaled.jpg\" data-object-fit=\"cover\" srcset=\"https:\/\/cirujanotoracico.com.mx\/wp-content\/uploads\/2026\/03\/pexels-rdne-6129204-scaled.jpg 2560w, https:\/\/cirujanotoracico.com.mx\/wp-content\/uploads\/2026\/03\/pexels-rdne-6129204-300x200.jpg 300w, https:\/\/cirujanotoracico.com.mx\/wp-content\/uploads\/2026\/03\/pexels-rdne-6129204-1024x683.jpg 1024w, https:\/\/cirujanotoracico.com.mx\/wp-content\/uploads\/2026\/03\/pexels-rdne-6129204-768x512.jpg 768w, https:\/\/cirujanotoracico.com.mx\/wp-content\/uploads\/2026\/03\/pexels-rdne-6129204-1536x1024.jpg 1536w, https:\/\/cirujanotoracico.com.mx\/wp-content\/uploads\/2026\/03\/pexels-rdne-6129204-2048x1365.jpg 2048w, https:\/\/cirujanotoracico.com.mx\/wp-content\/uploads\/2026\/03\/pexels-rdne-6129204-90x60.jpg 90w\" sizes=\"(max-width: 2560px) 100vw, 2560px\" \/><div class=\"wp-block-cover__inner-container is-layout-flow wp-block-cover-is-layout-flow\">\n<p class=\"has-text-align-center has-large-font-size\">Interconsultas o Segunda Opini\u00f3n<\/p>\n<\/div><\/div>\n\n\n\n<p class=\"has-white-background-color has-background\" style=\"font-size:10px\"><\/p>\n\n\n\n<p><\/p>\n\n\n\n<div class=\"wp-block-cover has-custom-content-position is-position-bottom-left\" style=\"min-height:291px\"><span aria-hidden=\"true\" class=\"wp-block-cover__background has-background-dim\"><\/span><img loading=\"lazy\" decoding=\"async\" width=\"645\" height=\"363\" class=\"wp-block-cover__image-background wp-image-104\" alt=\"\" src=\"https:\/\/cirujanotoracico.com.mx\/wp-content\/uploads\/2024\/02\/Broncoscopia-2-edited.webp\" style=\"object-position:54% 37%\" data-object-fit=\"cover\" data-object-position=\"54% 37%\" srcset=\"https:\/\/cirujanotoracico.com.mx\/wp-content\/uploads\/2024\/02\/Broncoscopia-2-edited.webp 645w, https:\/\/cirujanotoracico.com.mx\/wp-content\/uploads\/2024\/02\/Broncoscopia-2-edited-300x169.webp 300w, https:\/\/cirujanotoracico.com.mx\/wp-content\/uploads\/2024\/02\/Broncoscopia-2-edited-107x60.webp 107w\" sizes=\"(max-width: 645px) 100vw, 645px\" \/><div class=\"wp-block-cover__inner-container is-layout-flow wp-block-cover-is-layout-flow\">\n<p class=\"has-text-align-center has-large-font-size\">Broncoscop\u00eda<\/p>\n<\/div><\/div>\n\n\n\n<p class=\"has-white-background-color has-background\" style=\"font-size:10px\"><\/p>\n\n\n\n<p><\/p>\n","protected":false},"excerpt":{"rendered":"","protected":false},"author":1,"featured_media":0,"parent":0,"menu_order":0,"comment_status":"closed","ping_status":"closed","template":"","meta":{"footnotes":""},"aioseo_notices":[],"_links":{"self":[{"href":"https:\/\/cirujanotoracico.com.mx\/index.php?rest_route=\/wp\/v2\/pages\/20"}],"collection":[{"href":"https:\/\/cirujanotoracico.com.mx\/index.php?rest_route=\/wp\/v2\/pages"}],"about":[{"href":"https:\/\/cirujanotoracico.com.mx\/index.php?rest_route=\/wp\/v2\/types\/page"}],"author":[{"embeddable":true,"href":"https:\/\/cirujanotoracico.com.mx\/index.php?rest_route=\/wp\/v2\/users\/1"}],"replies":[{"embeddable":true,"href":"https:\/\/cirujanotoracico.com.mx\/index.php?rest_route=%2Fwp%2Fv2%2Fcomments&post=20"}],"version-history":[{"count":15,"href":"https:\/\/cirujanotoracico.com.mx\/index.php?rest_route=\/wp\/v2\/pages\/20\/revisions"}],"predecessor-version":[{"id":315,"href":"https:\/\/cirujanotoracico.com.mx\/index.php?rest_route=\/wp\/v2\/pages\/20\/revisions\/315"}],"wp:attachment":[{"href":"https:\/\/cirujanotoracico.com.mx\/index.php?rest_route=%2Fwp%2Fv2%2Fmedia&parent=20"}],"curies":[{"name":"wp","href":"https:\/\/api.w.org\/{rel}","templated":true}]}}