{"id":18,"date":"2024-02-15T18:45:40","date_gmt":"2024-02-15T18:45:40","guid":{"rendered":"https:\/\/cirujanotoracico.com.mx\/?page_id=18"},"modified":"2024-02-24T02:00:55","modified_gmt":"2024-02-24T02:00:55","slug":"padecimientos-tratados","status":"publish","type":"page","link":"https:\/\/cirujanotoracico.com.mx\/?page_id=18","title":{"rendered":"Enfermedades"},"content":{"rendered":"\n<div class=\"wp-block-media-text is-stacked-on-mobile is-vertically-aligned-center\" style=\"grid-template-columns:41% auto\"><figure class=\"wp-block-media-text__media\"><img loading=\"lazy\" decoding=\"async\" width=\"1024\" height=\"588\" src=\"https:\/\/cirujanotoracico.com.mx\/wp-content\/uploads\/2024\/02\/Cancer-de-pulmon-1024x588.jpg\" alt=\"\" class=\"wp-image-112 size-full\" srcset=\"https:\/\/cirujanotoracico.com.mx\/wp-content\/uploads\/2024\/02\/Cancer-de-pulmon-1024x588.jpg 1024w, https:\/\/cirujanotoracico.com.mx\/wp-content\/uploads\/2024\/02\/Cancer-de-pulmon-300x172.jpg 300w, https:\/\/cirujanotoracico.com.mx\/wp-content\/uploads\/2024\/02\/Cancer-de-pulmon-768x441.jpg 768w, https:\/\/cirujanotoracico.com.mx\/wp-content\/uploads\/2024\/02\/Cancer-de-pulmon-104x60.jpg 104w, https:\/\/cirujanotoracico.com.mx\/wp-content\/uploads\/2024\/02\/Cancer-de-pulmon.jpg 1440w\" sizes=\"(max-width: 1024px) 100vw, 1024px\" \/><\/figure><div class=\"wp-block-media-text__content\">\n<p class=\"has-text-align-center\" style=\"font-size:30px\"><strong>C\u00e1ncer de Pulm\u00f3n<\/strong><\/p>\n<\/div><\/div>\n\n\n\n<p class=\"has-text-align-center has-vivid-cyan-blue-background-color has-background\" style=\"font-size:5px\">                                                                                                                                                                                  <\/p>\n\n\n\n<p class=\"has-white-background-color has-background\" style=\"font-size:20px\"><\/p>\n\n\n\n<div class=\"wp-block-media-text has-media-on-the-right is-stacked-on-mobile\" style=\"grid-template-columns:auto 43%\"><div class=\"wp-block-media-text__content\">\n<p class=\"has-text-align-center\" style=\"font-size:30px\"><strong>Hiperhidrosis Palmar y\/o Axilar.<\/strong><\/p>\n<\/div><figure class=\"wp-block-media-text__media\"><img loading=\"lazy\" decoding=\"async\" width=\"1024\" height=\"538\" src=\"https:\/\/cirujanotoracico.com.mx\/wp-content\/uploads\/2024\/02\/Hiperhidrosis-palmar.jpg\" alt=\"\" class=\"wp-image-126 size-full\" srcset=\"https:\/\/cirujanotoracico.com.mx\/wp-content\/uploads\/2024\/02\/Hiperhidrosis-palmar.jpg 1024w, https:\/\/cirujanotoracico.com.mx\/wp-content\/uploads\/2024\/02\/Hiperhidrosis-palmar-300x158.jpg 300w, https:\/\/cirujanotoracico.com.mx\/wp-content\/uploads\/2024\/02\/Hiperhidrosis-palmar-768x404.jpg 768w, https:\/\/cirujanotoracico.com.mx\/wp-content\/uploads\/2024\/02\/Hiperhidrosis-palmar-114x60.jpg 114w\" sizes=\"(max-width: 1024px) 100vw, 1024px\" \/><\/figure><\/div>\n\n\n\n<p class=\"has-text-align-center has-light-green-cyan-background-color has-background\" style=\"font-size:5px\">                                                                                                                                                                                  <\/p>\n\n\n\n<p class=\"has-white-background-color has-background\" style=\"font-size:20px\"><\/p>\n\n\n\n<div class=\"wp-block-media-text is-stacked-on-mobile\" style=\"grid-template-columns:30% auto\"><figure class=\"wp-block-media-text__media\"><img loading=\"lazy\" decoding=\"async\" width=\"600\" height=\"600\" src=\"https:\/\/cirujanotoracico.com.mx\/wp-content\/uploads\/2024\/02\/Enfermedades-pleurales.webp\" alt=\"\" class=\"wp-image-113 size-full\" srcset=\"https:\/\/cirujanotoracico.com.mx\/wp-content\/uploads\/2024\/02\/Enfermedades-pleurales.webp 600w, https:\/\/cirujanotoracico.com.mx\/wp-content\/uploads\/2024\/02\/Enfermedades-pleurales-300x300.webp 300w, https:\/\/cirujanotoracico.com.mx\/wp-content\/uploads\/2024\/02\/Enfermedades-pleurales-150x150.webp 150w, https:\/\/cirujanotoracico.com.mx\/wp-content\/uploads\/2024\/02\/Enfermedades-pleurales-60x60.webp 60w\" sizes=\"(max-width: 600px) 100vw, 600px\" \/><\/figure><div class=\"wp-block-media-text__content\">\n<p class=\"has-text-align-center\" style=\"font-size:30px\"><strong>Enfermedades Pleurales:<\/strong> Derrame pleural, Empiema, Paquipleuritis, Fibrot\u00f3rax, entre otras.<\/p>\n<\/div><\/div>\n\n\n\n<p class=\"has-text-align-center has-pale-pink-background-color has-background\" style=\"font-size:5px\">                                                                                                                                                                                  <\/p>\n\n\n\n<p class=\"has-white-background-color has-background\" style=\"font-size:20px\"><\/p>\n\n\n\n<div class=\"wp-block-media-text has-media-on-the-right is-stacked-on-mobile\" style=\"grid-template-columns:auto 29%\"><div class=\"wp-block-media-text__content\">\n<p class=\"has-text-align-center\" style=\"font-size:30px\"><strong>Mediastino:<\/strong> Miastenia Gravis, Angina de Ludwig, Tumoraciones, entre otras.<\/p>\n<\/div><figure class=\"wp-block-media-text__media\"><img loading=\"lazy\" decoding=\"async\" width=\"512\" height=\"512\" src=\"https:\/\/cirujanotoracico.com.mx\/wp-content\/uploads\/2024\/02\/Mediastino.jpg\" alt=\"\" class=\"wp-image-114 size-full\" srcset=\"https:\/\/cirujanotoracico.com.mx\/wp-content\/uploads\/2024\/02\/Mediastino.jpg 512w, https:\/\/cirujanotoracico.com.mx\/wp-content\/uploads\/2024\/02\/Mediastino-300x300.jpg 300w, https:\/\/cirujanotoracico.com.mx\/wp-content\/uploads\/2024\/02\/Mediastino-150x150.jpg 150w, https:\/\/cirujanotoracico.com.mx\/wp-content\/uploads\/2024\/02\/Mediastino-60x60.jpg 60w\" sizes=\"(max-width: 512px) 100vw, 512px\" \/><\/figure><\/div>\n\n\n\n<p class=\"has-text-align-center has-vivid-red-background-color has-background\" style=\"font-size:5px\">                                                                                                                                                                                  <\/p>\n\n\n\n<p class=\"has-white-background-color has-background\" style=\"font-size:20px\"><\/p>\n\n\n\n<div class=\"wp-block-media-text is-stacked-on-mobile\" style=\"grid-template-columns:36% auto\"><figure class=\"wp-block-media-text__media\"><img loading=\"lazy\" decoding=\"async\" width=\"767\" height=\"535\" src=\"https:\/\/cirujanotoracico.com.mx\/wp-content\/uploads\/2024\/02\/Cirugia-traqueal.webp\" alt=\"\" class=\"wp-image-115 size-full\" srcset=\"https:\/\/cirujanotoracico.com.mx\/wp-content\/uploads\/2024\/02\/Cirugia-traqueal.webp 767w, https:\/\/cirujanotoracico.com.mx\/wp-content\/uploads\/2024\/02\/Cirugia-traqueal-300x209.webp 300w, https:\/\/cirujanotoracico.com.mx\/wp-content\/uploads\/2024\/02\/Cirugia-traqueal-86x60.webp 86w\" sizes=\"(max-width: 767px) 100vw, 767px\" \/><\/figure><div class=\"wp-block-media-text__content\">\n<p class=\"has-text-align-center\" style=\"font-size:30px\"><strong>Traquea y Bronquios:<\/strong> Estenosis, Tumoraciones.<\/p>\n<\/div><\/div>\n\n\n\n<p class=\"has-text-align-center has-cyan-bluish-gray-background-color has-background\" style=\"font-size:5px\">                                                                                                                                                                                  <\/p>\n\n\n\n<p class=\"has-white-background-color has-background\" style=\"font-size:20px\"><\/p>\n\n\n\n<div class=\"wp-block-media-text has-media-on-the-right is-stacked-on-mobile\" style=\"grid-template-columns:auto 43%\"><div class=\"wp-block-media-text__content\">\n<p class=\"has-text-align-center\" style=\"font-size:28px\"><strong>Deformidades de Pared Tor\u00e1cica:<\/strong> Pectus Excavatum y Pectus Carinatum.<\/p>\n<\/div><figure class=\"wp-block-media-text__media\"><img loading=\"lazy\" decoding=\"async\" width=\"512\" height=\"429\" src=\"https:\/\/cirujanotoracico.com.mx\/wp-content\/uploads\/2024\/02\/Deformidad-torax-1.png\" alt=\"\" class=\"wp-image-121 size-full\" srcset=\"https:\/\/cirujanotoracico.com.mx\/wp-content\/uploads\/2024\/02\/Deformidad-torax-1.png 512w, https:\/\/cirujanotoracico.com.mx\/wp-content\/uploads\/2024\/02\/Deformidad-torax-1-300x251.png 300w, https:\/\/cirujanotoracico.com.mx\/wp-content\/uploads\/2024\/02\/Deformidad-torax-1-72x60.png 72w\" sizes=\"(max-width: 512px) 100vw, 512px\" \/><\/figure><\/div>\n\n\n\n<p class=\"has-text-align-center has-black-background-color has-background\" style=\"font-size:5px\">                                                                                                                                                                                  <\/p>\n\n\n\n<p class=\"has-white-background-color has-background\" style=\"font-size:20px\"><\/p>\n\n\n\n<div class=\"wp-block-media-text is-stacked-on-mobile\" style=\"grid-template-columns:37% auto\"><figure class=\"wp-block-media-text__media\"><img loading=\"lazy\" decoding=\"async\" width=\"368\" height=\"256\" src=\"https:\/\/cirujanotoracico.com.mx\/wp-content\/uploads\/2024\/02\/Trauma-torax.jpg\" alt=\"\" class=\"wp-image-122 size-full\" srcset=\"https:\/\/cirujanotoracico.com.mx\/wp-content\/uploads\/2024\/02\/Trauma-torax.jpg 368w, https:\/\/cirujanotoracico.com.mx\/wp-content\/uploads\/2024\/02\/Trauma-torax-300x209.jpg 300w, https:\/\/cirujanotoracico.com.mx\/wp-content\/uploads\/2024\/02\/Trauma-torax-86x60.jpg 86w\" sizes=\"(max-width: 368px) 100vw, 368px\" \/><\/figure><div class=\"wp-block-media-text__content\">\n<p class=\"has-text-align-center\" style=\"font-size:28px\"><strong>Traumatismo de T\u00f3rax:<\/strong> Fracturas de Estern\u00f3n y Costillas, Hemot\u00f3rax, Lesi\u00f3n Pulmonar, entre otros.<\/p>\n<\/div><\/div>\n\n\n\n<p class=\"has-text-align-center has-vivid-cyan-blue-background-color has-background\" style=\"font-size:5px\">                                                                                                                                                                                  <\/p>\n\n\n\n<p class=\"has-white-background-color has-background\" style=\"font-size:20px\"><\/p>\n\n\n\n<div class=\"wp-block-media-text has-media-on-the-right is-stacked-on-mobile\" style=\"grid-template-columns:auto 35%\"><div class=\"wp-block-media-text__content\">\n<p class=\"has-text-align-center\" style=\"font-size:30px\"><strong>Hernia o Eventraci\u00f3n Diafragm\u00e1tica.<\/strong><\/p>\n<\/div><figure class=\"wp-block-media-text__media\"><img loading=\"lazy\" decoding=\"async\" width=\"400\" height=\"320\" src=\"https:\/\/cirujanotoracico.com.mx\/wp-content\/uploads\/2024\/02\/Hernia-diafrgmatica.jpg\" alt=\"\" class=\"wp-image-123 size-full\" srcset=\"https:\/\/cirujanotoracico.com.mx\/wp-content\/uploads\/2024\/02\/Hernia-diafrgmatica.jpg 400w, https:\/\/cirujanotoracico.com.mx\/wp-content\/uploads\/2024\/02\/Hernia-diafrgmatica-300x240.jpg 300w, https:\/\/cirujanotoracico.com.mx\/wp-content\/uploads\/2024\/02\/Hernia-diafrgmatica-75x60.jpg 75w\" sizes=\"(max-width: 400px) 100vw, 400px\" \/><\/figure><\/div>\n\n\n\n<p class=\"has-text-align-center has-luminous-vivid-orange-background-color has-background\" style=\"font-size:5px\">                                                                                                                                                                                  <\/p>\n\n\n\n<p class=\"has-white-background-color has-background\" style=\"font-size:20px\"><\/p>\n","protected":false},"excerpt":{"rendered":"<p>C\u00e1ncer de Pulm\u00f3n Hiperhidrosis Palmar y\/o Axilar. Enfermedades Pleurales: Derrame pleural, Empiema, Paquipleuritis, Fibrot\u00f3rax, entre otras. Mediastino: Miastenia Gravis, Angina de Ludwig, Tumoraciones, entre otras. Traquea y Bronquios: Estenosis, Tumoraciones. Deformidades de Pared Tor\u00e1cica: Pectus Excavatum y Pectus Carinatum. Traumatismo de T\u00f3rax: Fracturas de Estern\u00f3n y Costillas, Hemot\u00f3rax, Lesi\u00f3n Pulmonar, entre otros. Hernia o Eventraci\u00f3n &hellip; <\/p>\n","protected":false},"author":1,"featured_media":0,"parent":0,"menu_order":0,"comment_status":"closed","ping_status":"closed","template":"","meta":{"footnotes":""},"aioseo_notices":[],"_links":{"self":[{"href":"https:\/\/cirujanotoracico.com.mx\/index.php?rest_route=\/wp\/v2\/pages\/18"}],"collection":[{"href":"https:\/\/cirujanotoracico.com.mx\/index.php?rest_route=\/wp\/v2\/pages"}],"about":[{"href":"https:\/\/cirujanotoracico.com.mx\/index.php?rest_route=\/wp\/v2\/types\/page"}],"author":[{"embeddable":true,"href":"https:\/\/cirujanotoracico.com.mx\/index.php?rest_route=\/wp\/v2\/users\/1"}],"replies":[{"embeddable":true,"href":"https:\/\/cirujanotoracico.com.mx\/index.php?rest_route=%2Fwp%2Fv2%2Fcomments&post=18"}],"version-history":[{"count":15,"href":"https:\/\/cirujanotoracico.com.mx\/index.php?rest_route=\/wp\/v2\/pages\/18\/revisions"}],"predecessor-version":[{"id":213,"href":"https:\/\/cirujanotoracico.com.mx\/index.php?rest_route=\/wp\/v2\/pages\/18\/revisions\/213"}],"wp:attachment":[{"href":"https:\/\/cirujanotoracico.com.mx\/index.php?rest_route=%2Fwp%2Fv2%2Fmedia&parent=18"}],"curies":[{"name":"wp","href":"https:\/\/api.w.org\/{rel}","templated":true}]}}